{"id":30,"date":"2018-05-20T10:56:18","date_gmt":"2018-05-20T10:56:18","guid":{"rendered":"http:\/\/meditatives-tanzen-esslingen.de\/?page_id=30"},"modified":"2018-05-20T10:56:29","modified_gmt":"2018-05-20T10:56:29","slug":"weitere-texte-2","status":"publish","type":"page","link":"https:\/\/meditatives-tanzen-esslingen.de\/?page_id=30","title":{"rendered":"weitere Texte 2"},"content":{"rendered":"<p><span class=\"xr_tl xr_s31\">Du Herr, gibst mir immer wieder<\/span><span class=\"xr_tl xr_s31\">Augenblicke der Stille,<\/span><span class=\"xr_tl xr_s31\">eine Atempause,<\/span><span class=\"xr_tl xr_s31\">in der ich zu dir komme.<\/span><span class=\"xr_tl xr_s31\">Du stellst mir Bilder vor die Seele,<\/span><span class=\"xr_tl xr_s31\">die mich sammeln<\/span><span class=\"xr_tl xr_s31\">und mir Gelassenheit geben:<\/span><span class=\"xr_tl xr_s31\">oft l\u00e4sst du mir m\u00fchelos etwas gelingen,<\/span><span class=\"xr_tl xr_s31\">und es \u00fcberrascht mich selbst,<\/span><span class=\"xr_tl xr_s31\">wie zuversichtlich ich sein kann.<\/span><span class=\"xr_tl xr_s31\">Ich merke,<\/span><span class=\"xr_tl xr_s31\">wenn man sich dir anvertraut,<\/span><span class=\"xr_tl xr_s31\">bleibt das Herz ruhig.<\/span><\/p>\n<p><span class=\"xr_tl xr_s31\">Aus Japan, Neues Gotteslob S. 45<\/span><\/p>\n<p><span class=\"xr_tl xr_s31\">Aufbrechen<\/span><span class=\"xr_tl xr_s31\">wie eine Rose im Fr\u00fchling<\/span><span class=\"xr_tl xr_s31\">wie eine harte Schale einer Nuss<\/span><span class=\"xr_tl xr_s31\">wie die drei Weisen, um das g\u00f6ttliche Kind zu suchen<\/span><span class=\"xr_tl xr_s31\">aufbrechen<\/span><span class=\"xr_tl xr_s31\">in ein anderes Land<\/span><span class=\"xr_tl xr_s31\">in ein neues Zeitalter<\/span><span class=\"xr_tl xr_s31\">in eine gl\u00fcckliche Zukunft<\/span><span class=\"xr_tl xr_s31\">aufbrechen<\/span><span class=\"xr_tl xr_s31\">um zu teilen<\/span><span class=\"xr_tl xr_s31\">um zu verzeihen<\/span><span class=\"xr_tl xr_s31\">um zu hoffen<\/span><span class=\"xr_tl xr_s31\">um zu glauben<\/span><span class=\"xr_tl xr_s31\">um zu lieben<\/span><span class=\"xr_tl xr_s31\">aufbrechen<\/span><span class=\"xr_tl xr_s31\">wie Abraham, Moses, David, Franziskus, <\/span><span class=\"xr_tl xr_s31\">Don Bosco, Mutter Theresa<\/span><span class=\"xr_tl xr_s31\">Ich? Du?<\/span><span class=\"xr_tl xr_s31\">Aufbrechen<\/span><span class=\"xr_tl xr_s31\">WIE JESUS<\/span><\/p>\n<p><span class=\"xr_tl xr_s31\">Buen-campino-blog.de (Erzbistum K\u00f6ln)<\/span><\/p>\n<p>weitere Texte 3<\/p>\n","protected":false},"excerpt":{"rendered":"<p>Du Herr, gibst mir immer wiederAugenblicke der Stille,eine Atempause,in der ich zu dir komme.Du stellst mir Bilder vor die Seele,die mich sammelnund mir Gelassenheit geben:oft l\u00e4sst du mir m\u00fchelos etwas gelingen,und es \u00fcberrascht mich selbst,wie zuversichtlich ich sein kann.Ich merke,wenn man sich dir anvertraut,bleibt das Herz ruhig. Aus Japan, Neues Gotteslob S. 45 Aufbrechenwie eine &hellip; <\/p>\n<p class=\"link-more\"><a href=\"https:\/\/meditatives-tanzen-esslingen.de\/?page_id=30\" class=\"more-link\"><span class=\"screen-reader-text\">\u201eweitere Texte 2\u201c <\/span>weiterlesen<\/a><\/p>\n","protected":false},"author":1,"featured_media":0,"parent":0,"menu_order":0,"comment_status":"closed","ping_status":"closed","template":"","meta":{"footnotes":""},"class_list":["post-30","page","type-page","status-publish","hentry"],"_links":{"self":[{"href":"https:\/\/meditatives-tanzen-esslingen.de\/index.php?rest_route=\/wp\/v2\/pages\/30","targetHints":{"allow":["GET"]}}],"collection":[{"href":"https:\/\/meditatives-tanzen-esslingen.de\/index.php?rest_route=\/wp\/v2\/pages"}],"about":[{"href":"https:\/\/meditatives-tanzen-esslingen.de\/index.php?rest_route=\/wp\/v2\/types\/page"}],"author":[{"embeddable":true,"href":"https:\/\/meditatives-tanzen-esslingen.de\/index.php?rest_route=\/wp\/v2\/users\/1"}],"replies":[{"embeddable":true,"href":"https:\/\/meditatives-tanzen-esslingen.de\/index.php?rest_route=%2Fwp%2Fv2%2Fcomments&post=30"}],"version-history":[{"count":2,"href":"https:\/\/meditatives-tanzen-esslingen.de\/index.php?rest_route=\/wp\/v2\/pages\/30\/revisions"}],"predecessor-version":[{"id":32,"href":"https:\/\/meditatives-tanzen-esslingen.de\/index.php?rest_route=\/wp\/v2\/pages\/30\/revisions\/32"}],"wp:attachment":[{"href":"https:\/\/meditatives-tanzen-esslingen.de\/index.php?rest_route=%2Fwp%2Fv2%2Fmedia&parent=30"}],"curies":[{"name":"wp","href":"https:\/\/api.w.org\/{rel}","templated":true}]}}